{"id":11,"date":"2019-04-19T21:03:00","date_gmt":"2019-04-19T19:03:00","guid":{"rendered":"http:\/\/flottetoene.de\/?page_id=11"},"modified":"2024-10-02T22:48:18","modified_gmt":"2024-10-02T20:48:18","slug":"ueber-uns","status":"publish","type":"page","link":"https:\/\/flottetoene.de\/?page_id=11","title":{"rendered":"\u00dcber uns"},"content":{"rendered":"\t\t<div data-elementor-type=\"wp-post\" data-elementor-id=\"11\" class=\"elementor elementor-11\">\n\t\t\t\t\t\t<section class=\"elementor-section elementor-top-section elementor-element elementor-element-e6f4b64 elementor-section-full_width elementor-section-content-top elementor-section-height-default elementor-section-height-default\" data-id=\"e6f4b64\" data-element_type=\"section\" data-e-type=\"section\">\n\t\t\t\t\t\t<div class=\"elementor-container elementor-column-gap-no\">\n\t\t\t\t\t<div class=\"elementor-column elementor-col-50 elementor-top-column elementor-element elementor-element-11944fa0\" data-id=\"11944fa0\" data-element_type=\"column\" data-e-type=\"column\">\n\t\t\t<div class=\"elementor-widget-wrap elementor-element-populated\">\n\t\t\t\t\t\t<div class=\"elementor-element elementor-element-602a9c11 elementor-widget elementor-widget-heading\" data-id=\"602a9c11\" data-element_type=\"widget\" data-e-type=\"widget\" data-widget_type=\"heading.default\">\n\t\t\t\t<div class=\"elementor-widget-container\">\n\t\t\t\t\t<h2 class=\"elementor-heading-title elementor-size-small\">Das sind Wir<\/h2>\t\t\t\t<\/div>\n\t\t\t\t<\/div>\n\t\t\t\t<div class=\"elementor-element elementor-element-22846d80 elementor-widget-divider--view-line elementor-widget elementor-widget-divider\" data-id=\"22846d80\" data-element_type=\"widget\" data-e-type=\"widget\" data-widget_type=\"divider.default\">\n\t\t\t\t<div class=\"elementor-widget-container\">\n\t\t\t\t\t\t\t<div class=\"elementor-divider\">\n\t\t\t<span class=\"elementor-divider-separator\">\n\t\t\t\t\t\t<\/span>\n\t\t<\/div>\n\t\t\t\t\t\t<\/div>\n\t\t\t\t<\/div>\n\t\t\t\t<div class=\"elementor-element elementor-element-1cffbabf elementor-widget elementor-widget-text-editor\" data-id=\"1cffbabf\" data-element_type=\"widget\" data-e-type=\"widget\" data-widget_type=\"text-editor.default\">\n\t\t\t\t<div class=\"elementor-widget-container\">\n\t\t\t\t\t\t\t\t\t<p>Flotte T\u00f6ne \u2013 der Name ist Programm<\/p><p>Moderne rhythmische Kl\u00e4nge und abwechslungsreiche Arrangements sind das Markenzeichen unseres weithin bekannten Chores mit mehr als 20 aktiven S\u00e4ngerInnen.<\/p><p>Mit viel musikalischem Engagement gestalten wir ganz individuell standesamtliche und kirchliche Trauungen. Wir singen auch gerne bei Taufe, Erstkommunion und Firmung oder bringen flotte T\u00f6ne in kirchliche Feiern und Familiengottesdienste, in Konzerte und auf Weihnachtsm\u00e4rkte.<\/p><p>Die besondere Note erh\u00e4lt unser Chorsound durch die abwechslungsreiche Unterst\u00fctzung und gekonnte Begleitung durch unsere Instrumentalisten.<\/p><p>Gottesdienste und Feiern lebendiger zu gestalten ist unsere Absicht und in 25 Jahren haben wir uns durch intensive Schulung und Weiterbildung ein \u00e4u\u00dferst umfangreiches Repertoire erarbeitet. Es umfasst neugeistliche Lieder, Gospels und Spirituals, Musicalmelodien und Songs aus Rock und Pop.<\/p><p>Die Begeisterung f\u00fcr die Musik und die Freude am Singen, die unseren Chor geformt hat, m\u00f6chten wir gerne an unsere Zuh\u00f6rer weitergeben!<\/p>\t\t\t\t\t\t\t\t<\/div>\n\t\t\t\t<\/div>\n\t\t\t\t\t<\/div>\n\t\t<\/div>\n\t\t\t\t<div class=\"elementor-column elementor-col-50 elementor-top-column elementor-element elementor-element-75afca73 elementor-sm-100\" data-id=\"75afca73\" data-element_type=\"column\" data-e-type=\"column\">\n\t\t\t<div class=\"elementor-widget-wrap elementor-element-populated\">\n\t\t\t\t\t\t<div class=\"elementor-element elementor-element-ec4ad0a elementor-widget elementor-widget-image\" data-id=\"ec4ad0a\" data-element_type=\"widget\" data-e-type=\"widget\" data-widget_type=\"image.default\">\n\t\t\t\t<div class=\"elementor-widget-container\">\n\t\t\t\t\t\t\t\t\t\t\t\t\t\t\t<img fetchpriority=\"high\" decoding=\"async\" width=\"4895\" height=\"3268\" src=\"https:\/\/flottetoene.de\/wp-content\/uploads\/2019\/07\/VLG-Jutta-Armin-Hochzeit-115.jpg\" class=\"attachment-full size-full wp-image-206\" alt=\"\" srcset=\"https:\/\/flottetoene.de\/wp-content\/uploads\/2019\/07\/VLG-Jutta-Armin-Hochzeit-115.jpg 4895w, https:\/\/flottetoene.de\/wp-content\/uploads\/2019\/07\/VLG-Jutta-Armin-Hochzeit-115-300x200.jpg 300w, https:\/\/flottetoene.de\/wp-content\/uploads\/2019\/07\/VLG-Jutta-Armin-Hochzeit-115-768x513.jpg 768w, https:\/\/flottetoene.de\/wp-content\/uploads\/2019\/07\/VLG-Jutta-Armin-Hochzeit-115-1024x684.jpg 1024w\" sizes=\"(max-width: 4895px) 100vw, 4895px\" \/>\t\t\t\t\t\t\t\t\t\t\t\t\t\t\t<\/div>\n\t\t\t\t<\/div>\n\t\t\t\t<div class=\"elementor-element elementor-element-9147afa elementor-widget elementor-widget-image\" data-id=\"9147afa\" data-element_type=\"widget\" data-e-type=\"widget\" data-widget_type=\"image.default\">\n\t\t\t\t<div class=\"elementor-widget-container\">\n\t\t\t\t\t\t\t\t\t\t\t\t\t\t\t<img decoding=\"async\" width=\"454\" height=\"340\" src=\"https:\/\/flottetoene.de\/wp-content\/uploads\/2019\/06\/pfarrsaal.jpg\" class=\"attachment-large size-large wp-image-147\" alt=\"\" srcset=\"https:\/\/flottetoene.de\/wp-content\/uploads\/2019\/06\/pfarrsaal.jpg 454w, https:\/\/flottetoene.de\/wp-content\/uploads\/2019\/06\/pfarrsaal-300x225.jpg 300w\" sizes=\"(max-width: 454px) 100vw, 454px\" \/>\t\t\t\t\t\t\t\t\t\t\t\t\t\t\t<\/div>\n\t\t\t\t<\/div>\n\t\t\t\t<div class=\"elementor-element elementor-element-8f77e39 elementor-widget elementor-widget-image\" data-id=\"8f77e39\" data-element_type=\"widget\" data-e-type=\"widget\" data-widget_type=\"image.default\">\n\t\t\t\t<div class=\"elementor-widget-container\">\n\t\t\t\t\t\t\t\t\t\t\t\t\t\t\t<img decoding=\"async\" src=\"https:\/\/flottetoene.de\/wp-content\/uploads\/2019\/04\/foodiesfeed.com_Wedding_15-1.jpg\" title=\"\" alt=\"\" loading=\"lazy\" \/>\t\t\t\t\t\t\t\t\t\t\t\t\t\t\t<\/div>\n\t\t\t\t<\/div>\n\t\t\t\t\t<\/div>\n\t\t<\/div>\n\t\t\t\t\t<\/div>\n\t\t<\/section>\n\t\t\t\t<section class=\"elementor-section elementor-top-section elementor-element elementor-element-0660f93 elementor-section-full_width elementor-section-content-top elementor-section-height-default elementor-section-height-default\" data-id=\"0660f93\" data-element_type=\"section\" data-e-type=\"section\" data-settings=\"{&quot;background_background&quot;:&quot;classic&quot;}\">\n\t\t\t\t\t\t<div class=\"elementor-container elementor-column-gap-default\">\n\t\t\t\t\t<div class=\"elementor-column elementor-col-50 elementor-top-column elementor-element elementor-element-894944e\" data-id=\"894944e\" data-element_type=\"column\" data-e-type=\"column\">\n\t\t\t<div class=\"elementor-widget-wrap elementor-element-populated\">\n\t\t\t\t\t\t<div class=\"elementor-element elementor-element-d4282f2 elementor-widget elementor-widget-heading\" data-id=\"d4282f2\" data-element_type=\"widget\" data-e-type=\"widget\" data-widget_type=\"heading.default\">\n\t\t\t\t<div class=\"elementor-widget-container\">\n\t\t\t\t\t<h2 class=\"elementor-heading-title elementor-size-default\">Wo singen wir?<\/h2>\t\t\t\t<\/div>\n\t\t\t\t<\/div>\n\t\t\t\t<div class=\"elementor-element elementor-element-b17b81d elementor-widget elementor-widget-text-editor\" data-id=\"b17b81d\" data-element_type=\"widget\" data-e-type=\"widget\" data-widget_type=\"text-editor.default\">\n\t\t\t\t<div class=\"elementor-widget-container\">\n\t\t\t\t\t\t\t\t\t<ul><li>Hochzeiten (Kirchliche Trauung und Standesamt)<\/li><li>Taufen<\/li><li>Familiengottesdienste und kirchliche Feste<\/li><li>Weihnachtsm\u00e4rkte und Konzerte<\/li><\/ul>\t\t\t\t\t\t\t\t<\/div>\n\t\t\t\t<\/div>\n\t\t\t\t\t<\/div>\n\t\t<\/div>\n\t\t\t\t<div class=\"elementor-column elementor-col-50 elementor-top-column elementor-element elementor-element-9aa2382\" data-id=\"9aa2382\" data-element_type=\"column\" data-e-type=\"column\">\n\t\t\t<div class=\"elementor-widget-wrap elementor-element-populated\">\n\t\t\t\t\t\t<div class=\"elementor-element elementor-element-8a6c731 elementor-widget elementor-widget-heading\" data-id=\"8a6c731\" data-element_type=\"widget\" data-e-type=\"widget\" data-widget_type=\"heading.default\">\n\t\t\t\t<div class=\"elementor-widget-container\">\n\t\t\t\t\t<h2 class=\"elementor-heading-title elementor-size-default\">Warum singen wir?<\/h2>\t\t\t\t<\/div>\n\t\t\t\t<\/div>\n\t\t\t\t<div class=\"elementor-element elementor-element-afa8ea7 elementor-widget elementor-widget-text-editor\" data-id=\"afa8ea7\" data-element_type=\"widget\" data-e-type=\"widget\" data-widget_type=\"text-editor.default\">\n\t\t\t\t<div class=\"elementor-widget-container\">\n\t\t\t\t\t\t\t\t\t<ul><li>Um flotte T\u00f6ne in Gottesdienste, Hochzeiten und Feiern zu bringen<\/li><li>Aus Freude und Begeisterung am Singen und Musizieren<\/li><li>Um durch Musik Freude weiter zu schenken<\/li><li>Um den Glauben lebendiger zu gestalten<\/li><\/ul>\t\t\t\t\t\t\t\t<\/div>\n\t\t\t\t<\/div>\n\t\t\t\t\t<\/div>\n\t\t<\/div>\n\t\t\t\t\t<\/div>\n\t\t<\/section>\n\t\t\t\t<section class=\"elementor-section elementor-top-section elementor-element elementor-element-2a77a91 elementor-section-full_width elementor-section-height-default elementor-section-height-default\" data-id=\"2a77a91\" data-element_type=\"section\" data-e-type=\"section\">\n\t\t\t\t\t\t<div class=\"elementor-container elementor-column-gap-no\">\n\t\t\t\t\t<div class=\"elementor-column elementor-col-100 elementor-top-column elementor-element elementor-element-4d59282\" data-id=\"4d59282\" data-element_type=\"column\" data-e-type=\"column\">\n\t\t\t<div class=\"elementor-widget-wrap elementor-element-populated\">\n\t\t\t\t\t\t<div class=\"elementor-element elementor-element-798cd03 elementor-widget elementor-widget-heading\" data-id=\"798cd03\" data-element_type=\"widget\" data-e-type=\"widget\" data-widget_type=\"heading.default\">\n\t\t\t\t<div class=\"elementor-widget-container\">\n\t\t\t\t\t<h2 class=\"elementor-heading-title elementor-size-default\">Die Vorstandschaft<\/h2>\t\t\t\t<\/div>\n\t\t\t\t<\/div>\n\t\t\t\t\t<\/div>\n\t\t<\/div>\n\t\t\t\t\t<\/div>\n\t\t<\/section>\n\t\t\t\t<section class=\"elementor-section elementor-top-section elementor-element elementor-element-72cba6b elementor-section-full_width elementor-section-content-top elementor-section-height-default elementor-section-height-default\" data-id=\"72cba6b\" data-element_type=\"section\" data-e-type=\"section\">\n\t\t\t\t\t\t<div class=\"elementor-container elementor-column-gap-no\">\n\t\t\t\t\t<div class=\"elementor-column elementor-col-16 elementor-top-column elementor-element elementor-element-8e4f733\" data-id=\"8e4f733\" data-element_type=\"column\" data-e-type=\"column\">\n\t\t\t<div class=\"elementor-widget-wrap elementor-element-populated\">\n\t\t\t\t\t\t<div class=\"elementor-element elementor-element-4a8616f elementor-widget elementor-widget-image\" data-id=\"4a8616f\" data-element_type=\"widget\" data-e-type=\"widget\" data-widget_type=\"image.default\">\n\t\t\t\t<div class=\"elementor-widget-container\">\n\t\t\t\t\t\t\t\t\t\t\t\t\t\t\t<img decoding=\"async\" width=\"300\" height=\"300\" src=\"https:\/\/flottetoene.de\/wp-content\/uploads\/2019\/06\/tr\u00f6gl-300x300.jpg\" class=\"attachment-medium size-medium wp-image-152\" alt=\"\" srcset=\"https:\/\/flottetoene.de\/wp-content\/uploads\/2019\/06\/tr\u00f6gl-300x300.jpg 300w, https:\/\/flottetoene.de\/wp-content\/uploads\/2019\/06\/tr\u00f6gl-150x150.jpg 150w, https:\/\/flottetoene.de\/wp-content\/uploads\/2019\/06\/tr\u00f6gl-768x768.jpg 768w, https:\/\/flottetoene.de\/wp-content\/uploads\/2019\/06\/tr\u00f6gl-1024x1024.jpg 1024w\" sizes=\"(max-width: 300px) 100vw, 300px\" \/>\t\t\t\t\t\t\t\t\t\t\t\t\t\t\t<\/div>\n\t\t\t\t<\/div>\n\t\t\t\t<div class=\"elementor-element elementor-element-7bb5657 elementor-widget elementor-widget-heading\" data-id=\"7bb5657\" data-element_type=\"widget\" data-e-type=\"widget\" data-widget_type=\"heading.default\">\n\t\t\t\t<div class=\"elementor-widget-container\">\n\t\t\t\t\t<h2 class=\"elementor-heading-title elementor-size-medium\">Annelie \nTr\u00f6gel<\/h2>\t\t\t\t<\/div>\n\t\t\t\t<\/div>\n\t\t\t\t<div class=\"elementor-element elementor-element-b8782b1 elementor-widget elementor-widget-heading\" data-id=\"b8782b1\" data-element_type=\"widget\" data-e-type=\"widget\" data-widget_type=\"heading.default\">\n\t\t\t\t<div class=\"elementor-widget-container\">\n\t\t\t\t\t<h2 class=\"elementor-heading-title elementor-size-small\">Vorstand<\/h2>\t\t\t\t<\/div>\n\t\t\t\t<\/div>\n\t\t\t\t\t<\/div>\n\t\t<\/div>\n\t\t\t\t<div class=\"elementor-column elementor-col-16 elementor-top-column elementor-element elementor-element-697d9d0\" data-id=\"697d9d0\" data-element_type=\"column\" data-e-type=\"column\">\n\t\t\t<div class=\"elementor-widget-wrap elementor-element-populated\">\n\t\t\t\t\t\t<div class=\"elementor-element elementor-element-56cac3d elementor-widget elementor-widget-image\" data-id=\"56cac3d\" data-element_type=\"widget\" data-e-type=\"widget\" data-widget_type=\"image.default\">\n\t\t\t\t<div class=\"elementor-widget-container\">\n\t\t\t\t\t\t\t\t\t\t\t\t\t\t\t<img loading=\"lazy\" decoding=\"async\" width=\"300\" height=\"300\" src=\"https:\/\/flottetoene.de\/wp-content\/uploads\/2019\/06\/arbesmeier-300x300.jpg\" class=\"attachment-medium size-medium wp-image-149\" alt=\"\" srcset=\"https:\/\/flottetoene.de\/wp-content\/uploads\/2019\/06\/arbesmeier-300x300.jpg 300w, https:\/\/flottetoene.de\/wp-content\/uploads\/2019\/06\/arbesmeier-150x150.jpg 150w, https:\/\/flottetoene.de\/wp-content\/uploads\/2019\/06\/arbesmeier-768x768.jpg 768w, https:\/\/flottetoene.de\/wp-content\/uploads\/2019\/06\/arbesmeier-1024x1024.jpg 1024w\" sizes=\"(max-width: 300px) 100vw, 300px\" \/>\t\t\t\t\t\t\t\t\t\t\t\t\t\t\t<\/div>\n\t\t\t\t<\/div>\n\t\t\t\t<div class=\"elementor-element elementor-element-a8f9fa5 elementor-widget elementor-widget-heading\" data-id=\"a8f9fa5\" data-element_type=\"widget\" data-e-type=\"widget\" data-widget_type=\"heading.default\">\n\t\t\t\t<div class=\"elementor-widget-container\">\n\t\t\t\t\t<h2 class=\"elementor-heading-title elementor-size-medium\">Brigitte \nArbesmeier<\/h2>\t\t\t\t<\/div>\n\t\t\t\t<\/div>\n\t\t\t\t<div class=\"elementor-element elementor-element-b8ffe9f elementor-widget elementor-widget-heading\" data-id=\"b8ffe9f\" data-element_type=\"widget\" data-e-type=\"widget\" data-widget_type=\"heading.default\">\n\t\t\t\t<div class=\"elementor-widget-container\">\n\t\t\t\t\t<h2 class=\"elementor-heading-title elementor-size-small\">Vertretung<\/h2>\t\t\t\t<\/div>\n\t\t\t\t<\/div>\n\t\t\t\t\t<\/div>\n\t\t<\/div>\n\t\t\t\t<div class=\"elementor-column elementor-col-16 elementor-top-column elementor-element elementor-element-1f6764a\" data-id=\"1f6764a\" data-element_type=\"column\" data-e-type=\"column\">\n\t\t\t<div class=\"elementor-widget-wrap elementor-element-populated\">\n\t\t\t\t\t\t<div class=\"elementor-element elementor-element-8ac18af elementor-widget elementor-widget-image\" data-id=\"8ac18af\" data-element_type=\"widget\" data-e-type=\"widget\" data-widget_type=\"image.default\">\n\t\t\t\t<div class=\"elementor-widget-container\">\n\t\t\t\t\t\t\t\t\t\t\t\t\t\t\t<img loading=\"lazy\" decoding=\"async\" width=\"590\" height=\"536\" src=\"https:\/\/flottetoene.de\/wp-content\/uploads\/2024\/10\/Carmen-1024x930.jpg\" class=\"attachment-large size-large wp-image-583\" alt=\"\" srcset=\"https:\/\/flottetoene.de\/wp-content\/uploads\/2024\/10\/Carmen-1024x930.jpg 1024w, https:\/\/flottetoene.de\/wp-content\/uploads\/2024\/10\/Carmen-300x272.jpg 300w, https:\/\/flottetoene.de\/wp-content\/uploads\/2024\/10\/Carmen-768x698.jpg 768w, https:\/\/flottetoene.de\/wp-content\/uploads\/2024\/10\/Carmen-1536x1395.jpg 1536w, https:\/\/flottetoene.de\/wp-content\/uploads\/2024\/10\/Carmen-2048x1860.jpg 2048w\" sizes=\"(max-width: 590px) 100vw, 590px\" \/>\t\t\t\t\t\t\t\t\t\t\t\t\t\t\t<\/div>\n\t\t\t\t<\/div>\n\t\t\t\t<div class=\"elementor-element elementor-element-3bf519b elementor-widget elementor-widget-heading\" data-id=\"3bf519b\" data-element_type=\"widget\" data-e-type=\"widget\" data-widget_type=\"heading.default\">\n\t\t\t\t<div class=\"elementor-widget-container\">\n\t\t\t\t\t<h2 class=\"elementor-heading-title elementor-size-medium\"><br>Carmen Fischer<\/h2>\t\t\t\t<\/div>\n\t\t\t\t<\/div>\n\t\t\t\t<div class=\"elementor-element elementor-element-1ac9d33 elementor-widget elementor-widget-heading\" data-id=\"1ac9d33\" data-element_type=\"widget\" data-e-type=\"widget\" data-widget_type=\"heading.default\">\n\t\t\t\t<div class=\"elementor-widget-container\">\n\t\t\t\t\t<h2 class=\"elementor-heading-title elementor-size-small\">Vertretung<\/h2>\t\t\t\t<\/div>\n\t\t\t\t<\/div>\n\t\t\t\t\t<\/div>\n\t\t<\/div>\n\t\t\t\t<div class=\"elementor-column elementor-col-16 elementor-top-column elementor-element elementor-element-fc1f6eb\" data-id=\"fc1f6eb\" data-element_type=\"column\" data-e-type=\"column\">\n\t\t\t<div class=\"elementor-widget-wrap elementor-element-populated\">\n\t\t\t\t\t\t<div class=\"elementor-element elementor-element-4c39ca2 elementor-widget elementor-widget-image\" data-id=\"4c39ca2\" data-element_type=\"widget\" data-e-type=\"widget\" data-widget_type=\"image.default\">\n\t\t\t\t<div class=\"elementor-widget-container\">\n\t\t\t\t\t\t\t\t\t\t\t\t\t\t\t<img loading=\"lazy\" decoding=\"async\" width=\"590\" height=\"590\" src=\"https:\/\/flottetoene.de\/wp-content\/uploads\/2019\/06\/heidi-1-1024x1024.jpg\" class=\"attachment-large size-large wp-image-151\" alt=\"\" srcset=\"https:\/\/flottetoene.de\/wp-content\/uploads\/2019\/06\/heidi-1-1024x1024.jpg 1024w, https:\/\/flottetoene.de\/wp-content\/uploads\/2019\/06\/heidi-1-150x150.jpg 150w, https:\/\/flottetoene.de\/wp-content\/uploads\/2019\/06\/heidi-1-300x300.jpg 300w, https:\/\/flottetoene.de\/wp-content\/uploads\/2019\/06\/heidi-1-768x768.jpg 768w\" sizes=\"(max-width: 590px) 100vw, 590px\" \/>\t\t\t\t\t\t\t\t\t\t\t\t\t\t\t<\/div>\n\t\t\t\t<\/div>\n\t\t\t\t<div class=\"elementor-element elementor-element-4f5d636 elementor-widget elementor-widget-heading\" data-id=\"4f5d636\" data-element_type=\"widget\" data-e-type=\"widget\" data-widget_type=\"heading.default\">\n\t\t\t\t<div class=\"elementor-widget-container\">\n\t\t\t\t\t<h2 class=\"elementor-heading-title elementor-size-medium\">Heidi Rottenkolber<\/h2>\t\t\t\t<\/div>\n\t\t\t\t<\/div>\n\t\t\t\t<div class=\"elementor-element elementor-element-a5f6975 elementor-widget elementor-widget-heading\" data-id=\"a5f6975\" data-element_type=\"widget\" data-e-type=\"widget\" data-widget_type=\"heading.default\">\n\t\t\t\t<div class=\"elementor-widget-container\">\n\t\t\t\t\t<h2 class=\"elementor-heading-title elementor-size-small\">Vertretung<\/h2>\t\t\t\t<\/div>\n\t\t\t\t<\/div>\n\t\t\t\t\t<\/div>\n\t\t<\/div>\n\t\t\t\t<div class=\"elementor-column elementor-col-16 elementor-top-column elementor-element elementor-element-d22f3d2\" data-id=\"d22f3d2\" data-element_type=\"column\" data-e-type=\"column\">\n\t\t\t<div class=\"elementor-widget-wrap elementor-element-populated\">\n\t\t\t\t\t\t<div class=\"elementor-element elementor-element-692d914 elementor-widget elementor-widget-image\" data-id=\"692d914\" data-element_type=\"widget\" data-e-type=\"widget\" data-widget_type=\"image.default\">\n\t\t\t\t<div class=\"elementor-widget-container\">\n\t\t\t\t\t\t\t\t\t\t\t\t\t\t\t<img loading=\"lazy\" decoding=\"async\" width=\"590\" height=\"508\" src=\"https:\/\/flottetoene.de\/wp-content\/uploads\/2024\/10\/Irene-1024x881.jpg\" class=\"attachment-large size-large wp-image-582\" alt=\"\" srcset=\"https:\/\/flottetoene.de\/wp-content\/uploads\/2024\/10\/Irene-1024x881.jpg 1024w, https:\/\/flottetoene.de\/wp-content\/uploads\/2024\/10\/Irene-300x258.jpg 300w, https:\/\/flottetoene.de\/wp-content\/uploads\/2024\/10\/Irene-768x661.jpg 768w, https:\/\/flottetoene.de\/wp-content\/uploads\/2024\/10\/Irene-1536x1321.jpg 1536w, https:\/\/flottetoene.de\/wp-content\/uploads\/2024\/10\/Irene-2048x1761.jpg 2048w\" sizes=\"(max-width: 590px) 100vw, 590px\" \/>\t\t\t\t\t\t\t\t\t\t\t\t\t\t\t<\/div>\n\t\t\t\t<\/div>\n\t\t\t\t<div class=\"elementor-element elementor-element-2acb6df elementor-widget elementor-widget-heading\" data-id=\"2acb6df\" data-element_type=\"widget\" data-e-type=\"widget\" data-widget_type=\"heading.default\">\n\t\t\t\t<div class=\"elementor-widget-container\">\n\t\t\t\t\t<h2 class=\"elementor-heading-title elementor-size-medium\"><br>Irene Pr\u00fcller<\/h2>\t\t\t\t<\/div>\n\t\t\t\t<\/div>\n\t\t\t\t<div class=\"elementor-element elementor-element-ecb158e elementor-widget elementor-widget-heading\" data-id=\"ecb158e\" data-element_type=\"widget\" data-e-type=\"widget\" data-widget_type=\"heading.default\">\n\t\t\t\t<div class=\"elementor-widget-container\">\n\t\t\t\t\t<h2 class=\"elementor-heading-title elementor-size-small\">Kasse<\/h2>\t\t\t\t<\/div>\n\t\t\t\t<\/div>\n\t\t\t\t\t<\/div>\n\t\t<\/div>\n\t\t\t\t<div class=\"elementor-column elementor-col-16 elementor-top-column elementor-element elementor-element-7682713\" data-id=\"7682713\" data-element_type=\"column\" data-e-type=\"column\">\n\t\t\t<div class=\"elementor-widget-wrap elementor-element-populated\">\n\t\t\t\t\t\t<div class=\"elementor-element elementor-element-d2340fe elementor-widget elementor-widget-image\" data-id=\"d2340fe\" data-element_type=\"widget\" data-e-type=\"widget\" data-widget_type=\"image.default\">\n\t\t\t\t<div class=\"elementor-widget-container\">\n\t\t\t\t\t\t\t\t\t\t\t\t\t\t\t<img loading=\"lazy\" decoding=\"async\" width=\"590\" height=\"590\" src=\"https:\/\/flottetoene.de\/wp-content\/uploads\/2019\/06\/00100lPORTRAIT_00100_BURST20190609173554696_COVER-1024x1024.jpg\" class=\"attachment-large size-large wp-image-148\" alt=\"\" srcset=\"https:\/\/flottetoene.de\/wp-content\/uploads\/2019\/06\/00100lPORTRAIT_00100_BURST20190609173554696_COVER-1024x1024.jpg 1024w, https:\/\/flottetoene.de\/wp-content\/uploads\/2019\/06\/00100lPORTRAIT_00100_BURST20190609173554696_COVER-150x150.jpg 150w, https:\/\/flottetoene.de\/wp-content\/uploads\/2019\/06\/00100lPORTRAIT_00100_BURST20190609173554696_COVER-300x300.jpg 300w, https:\/\/flottetoene.de\/wp-content\/uploads\/2019\/06\/00100lPORTRAIT_00100_BURST20190609173554696_COVER-768x768.jpg 768w\" sizes=\"(max-width: 590px) 100vw, 590px\" \/>\t\t\t\t\t\t\t\t\t\t\t\t\t\t\t<\/div>\n\t\t\t\t<\/div>\n\t\t\t\t<div class=\"elementor-element elementor-element-a4ec800 elementor-widget elementor-widget-heading\" data-id=\"a4ec800\" data-element_type=\"widget\" data-e-type=\"widget\" data-widget_type=\"heading.default\">\n\t\t\t\t<div class=\"elementor-widget-container\">\n\t\t\t\t\t<h2 class=\"elementor-heading-title elementor-size-medium\">Andrea Mederer<\/h2>\t\t\t\t<\/div>\n\t\t\t\t<\/div>\n\t\t\t\t<div class=\"elementor-element elementor-element-bd836f9 elementor-widget elementor-widget-heading\" data-id=\"bd836f9\" data-element_type=\"widget\" data-e-type=\"widget\" data-widget_type=\"heading.default\">\n\t\t\t\t<div class=\"elementor-widget-container\">\n\t\t\t\t\t<h2 class=\"elementor-heading-title elementor-size-small\">Schriftf\u00fchrerin<\/h2>\t\t\t\t<\/div>\n\t\t\t\t<\/div>\n\t\t\t\t\t<\/div>\n\t\t<\/div>\n\t\t\t\t\t<\/div>\n\t\t<\/section>\n\t\t\t\t<\/div>\n\t\t","protected":false},"excerpt":{"rendered":"<p>Das sind Wir Flotte T\u00f6ne \u2013 der Name ist Programm Moderne rhythmische Kl\u00e4nge und abwechslungsreiche Arrangements sind das Markenzeichen unseres weithin bekannten Chores mit mehr als 20 aktiven S\u00e4ngerInnen. Mit viel musikalischem Engagement gestalten wir ganz individuell standesamtliche und kirchliche Trauungen. Wir singen auch gerne bei Taufe, Erstkommunion und Firmung oder bringen flotte T\u00f6ne in [&hellip;]<\/p>\n","protected":false},"author":1,"featured_media":0,"parent":0,"menu_order":0,"comment_status":"closed","ping_status":"closed","template":"","meta":{"footnotes":""},"class_list":["post-11","page","type-page","status-publish","hentry"],"_links":{"self":[{"href":"https:\/\/flottetoene.de\/index.php?rest_route=\/wp\/v2\/pages\/11","targetHints":{"allow":["GET"]}}],"collection":[{"href":"https:\/\/flottetoene.de\/index.php?rest_route=\/wp\/v2\/pages"}],"about":[{"href":"https:\/\/flottetoene.de\/index.php?rest_route=\/wp\/v2\/types\/page"}],"author":[{"embeddable":true,"href":"https:\/\/flottetoene.de\/index.php?rest_route=\/wp\/v2\/users\/1"}],"replies":[{"embeddable":true,"href":"https:\/\/flottetoene.de\/index.php?rest_route=%2Fwp%2Fv2%2Fcomments&post=11"}],"version-history":[{"count":31,"href":"https:\/\/flottetoene.de\/index.php?rest_route=\/wp\/v2\/pages\/11\/revisions"}],"predecessor-version":[{"id":587,"href":"https:\/\/flottetoene.de\/index.php?rest_route=\/wp\/v2\/pages\/11\/revisions\/587"}],"wp:attachment":[{"href":"https:\/\/flottetoene.de\/index.php?rest_route=%2Fwp%2Fv2%2Fmedia&parent=11"}],"curies":[{"name":"wp","href":"https:\/\/api.w.org\/{rel}","templated":true}]}}