{"id":13,"date":"2019-04-19T21:03:33","date_gmt":"2019-04-19T19:03:33","guid":{"rendered":"http:\/\/flottetoene.de\/?page_id=13"},"modified":"2019-12-23T15:35:52","modified_gmt":"2019-12-23T14:35:52","slug":"repertoire","status":"publish","type":"page","link":"https:\/\/flottetoene.de\/?page_id=13","title":{"rendered":"Repertoire"},"content":{"rendered":"\t\t<div data-elementor-type=\"wp-post\" data-elementor-id=\"13\" class=\"elementor elementor-13\">\n\t\t\t\t\t\t<section class=\"elementor-section elementor-top-section elementor-element elementor-element-93dfde8 elementor-section-full_width elementor-section-height-default elementor-section-height-default\" data-id=\"93dfde8\" data-element_type=\"section\" data-e-type=\"section\">\n\t\t\t\t\t\t<div class=\"elementor-container elementor-column-gap-no\">\n\t\t\t\t\t<div class=\"elementor-column elementor-col-100 elementor-top-column elementor-element elementor-element-44893b0\" data-id=\"44893b0\" data-element_type=\"column\" data-e-type=\"column\">\n\t\t\t<div class=\"elementor-widget-wrap elementor-element-populated\">\n\t\t\t\t\t\t<div class=\"elementor-element elementor-element-f422f84 elementor-widget elementor-widget-text-editor\" data-id=\"f422f84\" data-element_type=\"widget\" data-e-type=\"widget\" data-widget_type=\"text-editor.default\">\n\t\t\t\t<div class=\"elementor-widget-container\">\n\t\t\t\t\t\t\t\t\t<p>Was k\u00f6nnte besser sein als Musik, um den verschiedensten Anl\u00e4ssen einen feierlichen Rahmen und eine festliche Atmosph\u00e4re zu geben?<\/p><p>Um dieser Vielfalt gerecht zu werden, reicht unser Repertoire von neuen geistlichen Liedern \u00fcber Gospelsongs bis hin zu Pop- und Musical-Klassikern.<\/p>\t\t\t\t\t\t\t\t<\/div>\n\t\t\t\t<\/div>\n\t\t\t\t\t<\/div>\n\t\t<\/div>\n\t\t\t\t\t<\/div>\n\t\t<\/section>\n\t\t\t\t<section class=\"elementor-section elementor-top-section elementor-element elementor-element-bd76787 elementor-section-boxed elementor-section-height-default elementor-section-height-default\" data-id=\"bd76787\" data-element_type=\"section\" data-e-type=\"section\">\n\t\t\t\t\t\t<div class=\"elementor-container elementor-column-gap-default\">\n\t\t\t\t\t<div class=\"elementor-column elementor-col-100 elementor-top-column elementor-element elementor-element-352b9ff\" data-id=\"352b9ff\" data-element_type=\"column\" data-e-type=\"column\">\n\t\t\t<div class=\"elementor-widget-wrap elementor-element-populated\">\n\t\t\t\t\t\t<div class=\"elementor-element elementor-element-924c5e3 elementor-widget elementor-widget-heading\" data-id=\"924c5e3\" data-element_type=\"widget\" data-e-type=\"widget\" data-widget_type=\"heading.default\">\n\t\t\t\t<div class=\"elementor-widget-container\">\n\t\t\t\t\t<h3 class=\"elementor-heading-title elementor-size-default\">Ganz individuell, dem Anlass und dem Thema entsprechend, gestalten wir..<\/h3>\t\t\t\t<\/div>\n\t\t\t\t<\/div>\n\t\t\t\t\t<\/div>\n\t\t<\/div>\n\t\t\t\t\t<\/div>\n\t\t<\/section>\n\t\t\t\t<section class=\"elementor-section elementor-top-section elementor-element elementor-element-cb6aa2d elementor-section-boxed elementor-section-height-default elementor-section-height-default\" data-id=\"cb6aa2d\" data-element_type=\"section\" data-e-type=\"section\">\n\t\t\t\t\t\t<div class=\"elementor-container elementor-column-gap-default\">\n\t\t\t\t\t<div class=\"elementor-column elementor-col-25 elementor-top-column elementor-element elementor-element-f603b72\" data-id=\"f603b72\" data-element_type=\"column\" data-e-type=\"column\">\n\t\t\t<div class=\"elementor-widget-wrap elementor-element-populated\">\n\t\t\t\t\t\t<div class=\"elementor-element elementor-element-10dc6a8 elementor-invisible elementor-widget elementor-widget-image\" data-id=\"10dc6a8\" data-element_type=\"widget\" data-e-type=\"widget\" data-settings=\"{&quot;_animation&quot;:&quot;fadeInLeft&quot;}\" data-widget_type=\"image.default\">\n\t\t\t\t<div class=\"elementor-widget-container\">\n\t\t\t\t\t\t\t\t\t\t\t\t\t\t\t<img fetchpriority=\"high\" decoding=\"async\" width=\"590\" height=\"590\" src=\"https:\/\/flottetoene.de\/wp-content\/uploads\/2019\/06\/hochzeit-quadratisch-1.jpg\" class=\"attachment-large size-large wp-image-107\" alt=\"\" srcset=\"https:\/\/flottetoene.de\/wp-content\/uploads\/2019\/06\/hochzeit-quadratisch-1.jpg 960w, https:\/\/flottetoene.de\/wp-content\/uploads\/2019\/06\/hochzeit-quadratisch-1-150x150.jpg 150w, https:\/\/flottetoene.de\/wp-content\/uploads\/2019\/06\/hochzeit-quadratisch-1-300x300.jpg 300w, https:\/\/flottetoene.de\/wp-content\/uploads\/2019\/06\/hochzeit-quadratisch-1-768x768.jpg 768w\" sizes=\"(max-width: 590px) 100vw, 590px\" \/>\t\t\t\t\t\t\t\t\t\t\t\t\t\t\t<\/div>\n\t\t\t\t<\/div>\n\t\t\t\t<div class=\"elementor-element elementor-element-9d6a99e elementor-align-center elementor-invisible elementor-widget elementor-widget-button\" data-id=\"9d6a99e\" data-element_type=\"widget\" data-e-type=\"widget\" data-settings=\"{&quot;_animation&quot;:&quot;fadeInLeft&quot;}\" data-widget_type=\"button.default\">\n\t\t\t\t<div class=\"elementor-widget-container\">\n\t\t\t\t\t\t\t\t\t<div class=\"elementor-button-wrapper\">\n\t\t\t\t\t<a class=\"elementor-button elementor-button-link elementor-size-sm\" href=\"https:\/\/flottetoene.de\/?page_id=123\">\n\t\t\t\t\t\t<span class=\"elementor-button-content-wrapper\">\n\t\t\t\t\t\t\t\t\t<span class=\"elementor-button-text\">..Hochzeiten<\/span>\n\t\t\t\t\t<\/span>\n\t\t\t\t\t<\/a>\n\t\t\t\t<\/div>\n\t\t\t\t\t\t\t\t<\/div>\n\t\t\t\t<\/div>\n\t\t\t\t\t<\/div>\n\t\t<\/div>\n\t\t\t\t<div class=\"elementor-column elementor-col-25 elementor-top-column elementor-element elementor-element-d5275ae\" data-id=\"d5275ae\" data-element_type=\"column\" data-e-type=\"column\">\n\t\t\t<div class=\"elementor-widget-wrap elementor-element-populated\">\n\t\t\t\t\t\t<div class=\"elementor-element elementor-element-4018e32 elementor-invisible elementor-widget elementor-widget-image\" data-id=\"4018e32\" data-element_type=\"widget\" data-e-type=\"widget\" data-settings=\"{&quot;_animation&quot;:&quot;fadeInLeft&quot;}\" data-widget_type=\"image.default\">\n\t\t\t\t<div class=\"elementor-widget-container\">\n\t\t\t\t\t\t\t\t\t\t\t\t\t\t\t<img decoding=\"async\" width=\"590\" height=\"590\" src=\"https:\/\/flottetoene.de\/wp-content\/uploads\/2019\/07\/quadratisch-1024x1024.jpg\" class=\"attachment-large size-large wp-image-213\" alt=\"\" srcset=\"https:\/\/flottetoene.de\/wp-content\/uploads\/2019\/07\/quadratisch-1024x1024.jpg 1024w, https:\/\/flottetoene.de\/wp-content\/uploads\/2019\/07\/quadratisch-150x150.jpg 150w, https:\/\/flottetoene.de\/wp-content\/uploads\/2019\/07\/quadratisch-300x300.jpg 300w, https:\/\/flottetoene.de\/wp-content\/uploads\/2019\/07\/quadratisch-768x768.jpg 768w, https:\/\/flottetoene.de\/wp-content\/uploads\/2019\/07\/quadratisch.jpg 1800w\" sizes=\"(max-width: 590px) 100vw, 590px\" \/>\t\t\t\t\t\t\t\t\t\t\t\t\t\t\t<\/div>\n\t\t\t\t<\/div>\n\t\t\t\t<div class=\"elementor-element elementor-element-e01f302 elementor-align-center elementor-invisible elementor-widget elementor-widget-button\" data-id=\"e01f302\" data-element_type=\"widget\" data-e-type=\"widget\" data-settings=\"{&quot;_animation&quot;:&quot;fadeInLeft&quot;}\" data-widget_type=\"button.default\">\n\t\t\t\t<div class=\"elementor-widget-container\">\n\t\t\t\t\t\t\t\t\t<div class=\"elementor-button-wrapper\">\n\t\t\t\t\t<a class=\"elementor-button elementor-button-link elementor-size-sm\" href=\"https:\/\/flottetoene.de\/?page_id=128\">\n\t\t\t\t\t\t<span class=\"elementor-button-content-wrapper\">\n\t\t\t\t\t\t\t\t\t<span class=\"elementor-button-text\">..Taufen<\/span>\n\t\t\t\t\t<\/span>\n\t\t\t\t\t<\/a>\n\t\t\t\t<\/div>\n\t\t\t\t\t\t\t\t<\/div>\n\t\t\t\t<\/div>\n\t\t\t\t\t<\/div>\n\t\t<\/div>\n\t\t\t\t<div class=\"elementor-column elementor-col-25 elementor-top-column elementor-element elementor-element-39775a3\" data-id=\"39775a3\" data-element_type=\"column\" data-e-type=\"column\">\n\t\t\t<div class=\"elementor-widget-wrap elementor-element-populated\">\n\t\t\t\t\t\t<div class=\"elementor-element elementor-element-af19836 elementor-invisible elementor-widget elementor-widget-image\" data-id=\"af19836\" data-element_type=\"widget\" data-e-type=\"widget\" data-settings=\"{&quot;_animation&quot;:&quot;fadeInLeft&quot;}\" data-widget_type=\"image.default\">\n\t\t\t\t<div class=\"elementor-widget-container\">\n\t\t\t\t\t\t\t\t\t\t\t\t\t\t\t<img decoding=\"async\" width=\"590\" height=\"590\" src=\"https:\/\/flottetoene.de\/wp-content\/uploads\/2019\/07\/kirchliche-Feiern-quadratisch-1024x1024.jpg\" class=\"attachment-large size-large wp-image-203\" alt=\"\" srcset=\"https:\/\/flottetoene.de\/wp-content\/uploads\/2019\/07\/kirchliche-Feiern-quadratisch-1024x1024.jpg 1024w, https:\/\/flottetoene.de\/wp-content\/uploads\/2019\/07\/kirchliche-Feiern-quadratisch-150x150.jpg 150w, https:\/\/flottetoene.de\/wp-content\/uploads\/2019\/07\/kirchliche-Feiern-quadratisch-300x300.jpg 300w, https:\/\/flottetoene.de\/wp-content\/uploads\/2019\/07\/kirchliche-Feiern-quadratisch-768x768.jpg 768w, https:\/\/flottetoene.de\/wp-content\/uploads\/2019\/07\/kirchliche-Feiern-quadratisch.jpg 1276w\" sizes=\"(max-width: 590px) 100vw, 590px\" \/>\t\t\t\t\t\t\t\t\t\t\t\t\t\t\t<\/div>\n\t\t\t\t<\/div>\n\t\t\t\t<div class=\"elementor-element elementor-element-6dd1c88 elementor-align-center elementor-invisible elementor-widget elementor-widget-button\" data-id=\"6dd1c88\" data-element_type=\"widget\" data-e-type=\"widget\" data-settings=\"{&quot;_animation&quot;:&quot;fadeInLeft&quot;}\" data-widget_type=\"button.default\">\n\t\t\t\t<div class=\"elementor-widget-container\">\n\t\t\t\t\t\t\t\t\t<div class=\"elementor-button-wrapper\">\n\t\t\t\t\t<a class=\"elementor-button elementor-button-link elementor-size-sm\" href=\"https:\/\/flottetoene.de\/?page_id=76\">\n\t\t\t\t\t\t<span class=\"elementor-button-content-wrapper\">\n\t\t\t\t\t\t\t\t\t<span class=\"elementor-button-text\">..Familiengottesdienste<\/span>\n\t\t\t\t\t<\/span>\n\t\t\t\t\t<\/a>\n\t\t\t\t<\/div>\n\t\t\t\t\t\t\t\t<\/div>\n\t\t\t\t<\/div>\n\t\t\t\t\t<\/div>\n\t\t<\/div>\n\t\t\t\t<div class=\"elementor-column elementor-col-25 elementor-top-column elementor-element elementor-element-98490ce\" data-id=\"98490ce\" data-element_type=\"column\" data-e-type=\"column\">\n\t\t\t<div class=\"elementor-widget-wrap elementor-element-populated\">\n\t\t\t\t\t\t<div class=\"elementor-element elementor-element-177032d elementor-invisible elementor-widget elementor-widget-image\" data-id=\"177032d\" data-element_type=\"widget\" data-e-type=\"widget\" data-settings=\"{&quot;_animation&quot;:&quot;fadeInLeft&quot;}\" data-widget_type=\"image.default\">\n\t\t\t\t<div class=\"elementor-widget-container\">\n\t\t\t\t\t\t\t\t\t\t\t\t\t\t\t<img loading=\"lazy\" decoding=\"async\" width=\"590\" height=\"590\" src=\"https:\/\/flottetoene.de\/wp-content\/uploads\/2019\/06\/weihnachten-1-1024x1024.jpg\" class=\"attachment-large size-large wp-image-162\" alt=\"\" srcset=\"https:\/\/flottetoene.de\/wp-content\/uploads\/2019\/06\/weihnachten-1-1024x1024.jpg 1024w, https:\/\/flottetoene.de\/wp-content\/uploads\/2019\/06\/weihnachten-1-150x150.jpg 150w, https:\/\/flottetoene.de\/wp-content\/uploads\/2019\/06\/weihnachten-1-300x300.jpg 300w, https:\/\/flottetoene.de\/wp-content\/uploads\/2019\/06\/weihnachten-1-768x768.jpg 768w\" sizes=\"(max-width: 590px) 100vw, 590px\" \/>\t\t\t\t\t\t\t\t\t\t\t\t\t\t\t<\/div>\n\t\t\t\t<\/div>\n\t\t\t\t<div class=\"elementor-element elementor-element-8f64958 elementor-align-center elementor-invisible elementor-widget elementor-widget-button\" data-id=\"8f64958\" data-element_type=\"widget\" data-e-type=\"widget\" data-settings=\"{&quot;_animation&quot;:&quot;fadeInLeft&quot;}\" data-widget_type=\"button.default\">\n\t\t\t\t<div class=\"elementor-widget-container\">\n\t\t\t\t\t\t\t\t\t<div class=\"elementor-button-wrapper\">\n\t\t\t\t\t<a class=\"elementor-button elementor-button-link elementor-size-sm\" href=\"https:\/\/flottetoene.de\/?page_id=132\">\n\t\t\t\t\t\t<span class=\"elementor-button-content-wrapper\">\n\t\t\t\t\t\t\t\t\t<span class=\"elementor-button-text\">..Weihnachten<\/span>\n\t\t\t\t\t<\/span>\n\t\t\t\t\t<\/a>\n\t\t\t\t<\/div>\n\t\t\t\t\t\t\t\t<\/div>\n\t\t\t\t<\/div>\n\t\t\t\t\t<\/div>\n\t\t<\/div>\n\t\t\t\t\t<\/div>\n\t\t<\/section>\n\t\t\t\t<\/div>\n\t\t","protected":false},"excerpt":{"rendered":"<p>Was k\u00f6nnte besser sein als Musik, um den verschiedensten Anl\u00e4ssen einen feierlichen Rahmen und eine festliche Atmosph\u00e4re zu geben? Um dieser Vielfalt gerecht zu werden, reicht unser Repertoire von neuen geistlichen Liedern \u00fcber Gospelsongs bis hin zu Pop- und Musical-Klassikern. Ganz individuell, dem Anlass und dem Thema entsprechend, gestalten wir.. ..Hochzeiten ..Taufen ..Familiengottesdienste ..Weihnachten<\/p>\n","protected":false},"author":1,"featured_media":0,"parent":0,"menu_order":0,"comment_status":"closed","ping_status":"closed","template":"","meta":{"footnotes":""},"class_list":["post-13","page","type-page","status-publish","hentry"],"_links":{"self":[{"href":"https:\/\/flottetoene.de\/index.php?rest_route=\/wp\/v2\/pages\/13","targetHints":{"allow":["GET"]}}],"collection":[{"href":"https:\/\/flottetoene.de\/index.php?rest_route=\/wp\/v2\/pages"}],"about":[{"href":"https:\/\/flottetoene.de\/index.php?rest_route=\/wp\/v2\/types\/page"}],"author":[{"embeddable":true,"href":"https:\/\/flottetoene.de\/index.php?rest_route=\/wp\/v2\/users\/1"}],"replies":[{"embeddable":true,"href":"https:\/\/flottetoene.de\/index.php?rest_route=%2Fwp%2Fv2%2Fcomments&post=13"}],"version-history":[{"count":33,"href":"https:\/\/flottetoene.de\/index.php?rest_route=\/wp\/v2\/pages\/13\/revisions"}],"predecessor-version":[{"id":486,"href":"https:\/\/flottetoene.de\/index.php?rest_route=\/wp\/v2\/pages\/13\/revisions\/486"}],"wp:attachment":[{"href":"https:\/\/flottetoene.de\/index.php?rest_route=%2Fwp%2Fv2%2Fmedia&parent=13"}],"curies":[{"name":"wp","href":"https:\/\/api.w.org\/{rel}","templated":true}]}}